{"id":2,"date":"2009-02-28T23:59:33","date_gmt":"2009-02-28T22:59:33","guid":{"rendered":"http:\/\/www.caliskan.org\/?page_id=2"},"modified":"2009-03-02T00:10:17","modified_gmt":"2009-03-01T23:10:17","slug":"about","status":"publish","type":"page","link":"https:\/\/www.caliskan.org\/?page_id=2","title":{"rendered":"About"},"content":{"rendered":"<p><strong><font face=\"Arial\" size=\"2\">Tamer Caliskan<\/font><\/strong><font face=\"Arial\" size=\"2\"><br \/>\nAschaffenburgerstr. 117a<br \/>\n63773 Goldbach<br \/>\nGermany<\/p>\n<p>Tel.&nbsp;&nbsp;&nbsp;&nbsp;&nbsp;+49 (0) 6021 4406618<br \/>\nFax. &nbsp;&nbsp;&nbsp;+49 (0) 6021 445908<br \/>\nE-Mail: <a class=\"email\" title=\"e-mail me\" href=\"mailto:webmaster@caliskan.org\">webmaster@caliskan.org<\/a><\/font><\/p>\n<p>\t<font face=\"Arial, Helvetica, sans-serif\" size=\"2\"><br \/>\n      \t\tInhaltlich Verantwortlicher gem\u00e4\u00df \u00a7 6 MDStV: Tamer Caliskan<\/font><\/p>\n<p>\n\t<b><font face=\"Arial, Helvetica, sans-serif\" style=\"font-size: 8pt\"><u>Haftungshinweis:<\/u><br \/>\n      \t\tTrotz sorgf\u00e4ltiger inhaltlicher Kontrolle \u00fcbernehmen wir keine Haftung f\u00fcr die Inhalte externer Links. F\u00fcr den Inhalt der verlinkten Seiten sind ausschlie\u00dflich deren Betreiber verantwortlich.<\/font><\/b><br \/>\n<br \/>&nbsp;<\/p>\n","protected":false},"excerpt":{"rendered":"<p>Tamer Caliskan Aschaffenburgerstr. 117a 63773 Goldbach Germany Tel.&nbsp;&nbsp;&nbsp;&nbsp;&nbsp;+49 (0) 6021 4406618 Fax. &nbsp;&nbsp;&nbsp;+49 (0) 6021 445908 E-Mail: webmaster@caliskan.org Inhaltlich Verantwortlicher gem\u00e4\u00df \u00a7 6 MDStV: Tamer Caliskan Haftungshinweis: Trotz sorgf\u00e4ltiger inhaltlicher Kontrolle \u00fcbernehmen wir keine Haftung f\u00fcr die Inhalte externer Links. F\u00fcr den Inhalt der verlinkten Seiten sind ausschlie\u00dflich deren Betreiber verantwortlich. &nbsp;<\/p>\n","protected":false},"author":1,"featured_media":0,"parent":0,"menu_order":0,"comment_status":"open","ping_status":"open","template":"","meta":{"footnotes":""},"class_list":["post-2","page","type-page","status-publish","hentry"],"_links":{"self":[{"href":"https:\/\/www.caliskan.org\/index.php?rest_route=\/wp\/v2\/pages\/2","targetHints":{"allow":["GET"]}}],"collection":[{"href":"https:\/\/www.caliskan.org\/index.php?rest_route=\/wp\/v2\/pages"}],"about":[{"href":"https:\/\/www.caliskan.org\/index.php?rest_route=\/wp\/v2\/types\/page"}],"author":[{"embeddable":true,"href":"https:\/\/www.caliskan.org\/index.php?rest_route=\/wp\/v2\/users\/1"}],"replies":[{"embeddable":true,"href":"https:\/\/www.caliskan.org\/index.php?rest_route=%2Fwp%2Fv2%2Fcomments&post=2"}],"version-history":[{"count":3,"href":"https:\/\/www.caliskan.org\/index.php?rest_route=\/wp\/v2\/pages\/2\/revisions"}],"predecessor-version":[{"id":14,"href":"https:\/\/www.caliskan.org\/index.php?rest_route=\/wp\/v2\/pages\/2\/revisions\/14"}],"wp:attachment":[{"href":"https:\/\/www.caliskan.org\/index.php?rest_route=%2Fwp%2Fv2%2Fmedia&parent=2"}],"curies":[{"name":"wp","href":"https:\/\/api.w.org\/{rel}","templated":true}]}}